{"id":247,"date":"2020-05-20T15:59:13","date_gmt":"2020-05-20T15:59:13","guid":{"rendered":"http:\/\/lagun.eu\/?page_id=247"},"modified":"2020-07-21T10:02:57","modified_gmt":"2020-07-21T10:02:57","slug":"wohnungen","status":"publish","type":"page","link":"http:\/\/lagun.eu\/?page_id=247&lang=de","title":{"rendered":"Wohnungen"},"content":{"rendered":"\t\t<div data-elementor-type=\"wp-page\" data-elementor-id=\"247\" class=\"elementor elementor-247\">\n\t\t\t\t\t\t\t\t\t<section class=\"elementor-section elementor-top-section elementor-element elementor-element-509ec68 elementor-section-stretched elementor-section-full_width elementor-section-height-default elementor-section-height-default\" data-id=\"509ec68\" data-element_type=\"section\" data-settings=\"{&quot;stretch_section&quot;:&quot;section-stretched&quot;}\">\n\t\t\t\t\t\t<div class=\"elementor-container elementor-column-gap-default\">\n\t\t\t\t\t<div class=\"elementor-column elementor-col-33 elementor-top-column elementor-element elementor-element-02f67fd\" data-id=\"02f67fd\" data-element_type=\"column\">\n\t\t\t<div class=\"elementor-widget-wrap elementor-element-populated\">\n\t\t\t\t\t\t\t\t<div class=\"elementor-element elementor-element-9163edc elementor-widget elementor-widget-spacer\" data-id=\"9163edc\" data-element_type=\"widget\" data-widget_type=\"spacer.default\">\n\t\t\t\t<div class=\"elementor-widget-container\">\n\t\t\t\t\t<div class=\"elementor-spacer\">\n\t\t\t<div class=\"elementor-spacer-inner\"><\/div>\n\t\t<\/div>\n\t\t\t\t<\/div>\n\t\t\t\t<\/div>\n\t\t\t\t<div class=\"elementor-element elementor-element-846b79a elementor-hidden-phone elementor-widget elementor-widget-image\" data-id=\"846b79a\" data-element_type=\"widget\" data-widget_type=\"image.default\">\n\t\t\t\t<div class=\"elementor-widget-container\">\n\t\t\t\t\t\t\t\t\t\t\t\t\t\t\t<img fetchpriority=\"high\" decoding=\"async\" width=\"700\" height=\"576\" src=\"https:\/\/i0.wp.com\/lagun.eu\/wp-content\/uploads\/2020\/06\/%D0%BF%D0%BA%D0%BF%D0%BA%D0%BF%D0%BA%D0%BF-2-scaled.jpg?fit=700%2C576\" class=\"attachment-large size-large wp-image-912\" alt=\"\" \/>\t\t\t\t\t\t\t\t\t\t\t\t\t\t\t<\/div>\n\t\t\t\t<\/div>\n\t\t\t\t\t<\/div>\n\t\t<\/div>\n\t\t\t\t<div class=\"elementor-column elementor-col-33 elementor-top-column elementor-element elementor-element-43b8178\" data-id=\"43b8178\" data-element_type=\"column\">\n\t\t\t<div class=\"elementor-widget-wrap elementor-element-populated\">\n\t\t\t\t\t\t\t\t<div class=\"elementor-element elementor-element-1dfe83b elementor-hidden-tablet elementor-hidden-phone elementor-widget elementor-widget-spacer\" data-id=\"1dfe83b\" data-element_type=\"widget\" data-widget_type=\"spacer.default\">\n\t\t\t\t<div class=\"elementor-widget-container\">\n\t\t\t\t\t<div class=\"elementor-spacer\">\n\t\t\t<div class=\"elementor-spacer-inner\"><\/div>\n\t\t<\/div>\n\t\t\t\t<\/div>\n\t\t\t\t<\/div>\n\t\t\t\t<div class=\"elementor-element elementor-element-2c0dfa1 animated-fast elementor-hidden-desktop elementor-invisible elementor-widget elementor-widget-text-editor\" data-id=\"2c0dfa1\" data-element_type=\"widget\" data-settings=\"{&quot;_animation&quot;:&quot;fadeInUp&quot;,&quot;_animation_delay&quot;:0}\" data-widget_type=\"text-editor.default\">\n\t\t\t\t<div class=\"elementor-widget-container\">\n\t\t\t\t\t\t\t<p>Wir haben derzeit keine\u00a0 Wohnungen verf\u00fcgbar. Sobald wir welche anbieten k\u00f6nnen, Informieren wir Sie auf Lagun.eu.<\/p><p>\u00a0Zudem k\u00f6nnen Sie uns auch telefonisch Fragen zu unseren Wohnungen stellen.<\/p><p>\u00a0<\/p>\t\t\t\t\t\t<\/div>\n\t\t\t\t<\/div>\n\t\t\t\t<div class=\"elementor-element elementor-element-ee7c1f3 elementor-hidden-tablet elementor-hidden-phone elementor-invisible elementor-widget elementor-widget-text-editor\" data-id=\"ee7c1f3\" data-element_type=\"widget\" data-settings=\"{&quot;_animation&quot;:&quot;fadeInUp&quot;,&quot;_animation_delay&quot;:100}\" data-widget_type=\"text-editor.default\">\n\t\t\t\t<div class=\"elementor-widget-container\">\n\t\t\t\t\t\t\t<p>Wir haben derzeit keine\u00a0 Wohnungen verf\u00fcgbar. Sobald wir welche anbieten k\u00f6nnen, Informieren wir Sie auf Lagun.eu.<\/p><p>\u00a0Zudem k\u00f6nnen Sie uns auch telefonisch Fragen zu unseren Wohnungen stellen.<\/p><p>\u00a0<\/p>\t\t\t\t\t\t<\/div>\n\t\t\t\t<\/div>\n\t\t\t\t<div class=\"elementor-element elementor-element-163b776 elementor-widget elementor-widget-spacer\" data-id=\"163b776\" data-element_type=\"widget\" data-widget_type=\"spacer.default\">\n\t\t\t\t<div class=\"elementor-widget-container\">\n\t\t\t\t\t<div class=\"elementor-spacer\">\n\t\t\t<div class=\"elementor-spacer-inner\"><\/div>\n\t\t<\/div>\n\t\t\t\t<\/div>\n\t\t\t\t<\/div>\n\t\t\t\t<div class=\"elementor-element elementor-element-bb9498d elementor-align-left animated-fast elementor-mobile-align-left elementor-tablet-align-left elementor-invisible elementor-widget elementor-widget-button\" data-id=\"bb9498d\" data-element_type=\"widget\" data-settings=\"{&quot;_animation&quot;:&quot;fadeInUp&quot;,&quot;_animation_delay&quot;:0}\" data-widget_type=\"button.default\">\n\t\t\t\t<div class=\"elementor-widget-container\">\n\t\t\t\t\t<div class=\"elementor-button-wrapper\">\n\t\t\t<a class=\"elementor-button elementor-button-link elementor-size-xs\" href=\"tel:+49%209171825533\" target=\"_blank\" rel=\"nofollow\">\n\t\t\t\t\t\t<span class=\"elementor-button-content-wrapper\">\n\t\t\t\t\t\t<span class=\"elementor-button-icon elementor-align-icon-left\">\n\t\t\t\t<i aria-hidden=\"true\" class=\"fas fa-phone-alt\"><\/i>\t\t\t<\/span>\n\t\t\t\t\t\t<span class=\"elementor-button-text\">Kontaktieren Sie uns <\/span>\n\t\t<\/span>\n\t\t\t\t\t<\/a>\n\t\t<\/div>\n\t\t\t\t<\/div>\n\t\t\t\t<\/div>\n\t\t\t\t<div class=\"elementor-element elementor-element-cb736ac elementor-widget elementor-widget-spacer\" data-id=\"cb736ac\" data-element_type=\"widget\" data-widget_type=\"spacer.default\">\n\t\t\t\t<div class=\"elementor-widget-container\">\n\t\t\t\t\t<div class=\"elementor-spacer\">\n\t\t\t<div class=\"elementor-spacer-inner\"><\/div>\n\t\t<\/div>\n\t\t\t\t<\/div>\n\t\t\t\t<\/div>\n\t\t\t\t\t<\/div>\n\t\t<\/div>\n\t\t\t\t<div class=\"elementor-column elementor-col-33 elementor-top-column elementor-element elementor-element-863c089\" data-id=\"863c089\" data-element_type=\"column\">\n\t\t\t<div class=\"elementor-widget-wrap elementor-element-populated\">\n\t\t\t\t\t\t\t\t<div class=\"elementor-element elementor-element-5d87ce1 elementor-hidden-phone elementor-widget elementor-widget-image\" data-id=\"5d87ce1\" data-element_type=\"widget\" data-widget_type=\"image.default\">\n\t\t\t\t<div class=\"elementor-widget-container\">\n\t\t\t\t\t\t\t\t\t\t\t\t\t\t\t<img decoding=\"async\" width=\"700\" height=\"866\" src=\"https:\/\/i0.wp.com\/lagun.eu\/wp-content\/uploads\/2020\/06\/%D1%80%D0%BF%D1%80-1-scaled.jpg?fit=700%2C866\" class=\"attachment-large size-large wp-image-910\" alt=\"\" \/>\t\t\t\t\t\t\t\t\t\t\t\t\t\t\t<\/div>\n\t\t\t\t<\/div>\n\t\t\t\t\t<\/div>\n\t\t<\/div>\n\t\t\t\t\t\t\t<\/div>\n\t\t<\/section>\n\t\t\t\t<section class=\"elementor-section elementor-top-section elementor-element elementor-element-32fd48d elementor-section-boxed elementor-section-height-default elementor-section-height-default\" data-id=\"32fd48d\" data-element_type=\"section\">\n\t\t\t\t\t\t<div class=\"elementor-container elementor-column-gap-default\">\n\t\t\t\t\t<div class=\"elementor-column elementor-col-100 elementor-top-column elementor-element elementor-element-dec8166\" data-id=\"dec8166\" data-element_type=\"column\">\n\t\t\t<div class=\"elementor-widget-wrap elementor-element-populated\">\n\t\t\t\t\t\t\t\t<div class=\"elementor-element elementor-element-75f0bad elementor-widget-divider--view-line elementor-widget elementor-widget-divider\" data-id=\"75f0bad\" data-element_type=\"widget\" data-widget_type=\"divider.default\">\n\t\t\t\t<div class=\"elementor-widget-container\">\n\t\t\t\t\t<div class=\"elementor-divider\">\n\t\t\t<span class=\"elementor-divider-separator\">\n\t\t\t\t\t\t<\/span>\n\t\t<\/div>\n\t\t\t\t<\/div>\n\t\t\t\t<\/div>\n\t\t\t\t\t<\/div>\n\t\t<\/div>\n\t\t\t\t\t\t\t<\/div>\n\t\t<\/section>\n\t\t\t\t<section class=\"elementor-section elementor-top-section elementor-element elementor-element-46d28de elementor-section-boxed elementor-section-height-default elementor-section-height-default\" data-id=\"46d28de\" data-element_type=\"section\">\n\t\t\t\t\t\t<div class=\"elementor-container elementor-column-gap-default\">\n\t\t\t\t\t<div class=\"elementor-column elementor-col-100 elementor-top-column elementor-element elementor-element-c3516e7\" data-id=\"c3516e7\" data-element_type=\"column\">\n\t\t\t<div class=\"elementor-widget-wrap elementor-element-populated\">\n\t\t\t\t\t\t\t\t<div class=\"elementor-element elementor-element-e9c692d elementor-widget elementor-widget-spacer\" data-id=\"e9c692d\" data-element_type=\"widget\" data-widget_type=\"spacer.default\">\n\t\t\t\t<div class=\"elementor-widget-container\">\n\t\t\t\t\t<div class=\"elementor-spacer\">\n\t\t\t<div class=\"elementor-spacer-inner\"><\/div>\n\t\t<\/div>\n\t\t\t\t<\/div>\n\t\t\t\t<\/div>\n\t\t\t\t\t<\/div>\n\t\t<\/div>\n\t\t\t\t\t\t\t<\/div>\n\t\t<\/section>\n\t\t\t\t<section class=\"elementor-section elementor-top-section elementor-element elementor-element-e27c9a6 elementor-section-stretched elementor-section-full_width elementor-hidden-desktop elementor-section-height-default elementor-section-height-default\" data-id=\"e27c9a6\" data-element_type=\"section\" data-settings=\"{&quot;stretch_section&quot;:&quot;section-stretched&quot;}\">\n\t\t\t\t\t\t<div class=\"elementor-container elementor-column-gap-default\">\n\t\t\t\t\t<div class=\"elementor-column elementor-col-100 elementor-top-column elementor-element elementor-element-c9d53c8\" data-id=\"c9d53c8\" data-element_type=\"column\">\n\t\t\t<div class=\"elementor-widget-wrap elementor-element-populated\">\n\t\t\t\t\t\t\t\t<section class=\"elementor-section elementor-inner-section elementor-element elementor-element-1f61657 elementor-section-boxed elementor-section-height-default elementor-section-height-default\" data-id=\"1f61657\" data-element_type=\"section\">\n\t\t\t\t\t\t<div class=\"elementor-container elementor-column-gap-default\">\n\t\t\t\t\t<div class=\"elementor-column elementor-col-33 elementor-inner-column elementor-element elementor-element-0fcf5d5\" data-id=\"0fcf5d5\" data-element_type=\"column\">\n\t\t\t<div class=\"elementor-widget-wrap elementor-element-populated\">\n\t\t\t\t\t\t\t\t<div class=\"elementor-element elementor-element-34e2957 elementor-widget elementor-widget-image\" data-id=\"34e2957\" data-element_type=\"widget\" data-widget_type=\"image.default\">\n\t\t\t\t<div class=\"elementor-widget-container\">\n\t\t\t\t\t\t\t\t\t\t\t\t\t\t\t<img decoding=\"async\" width=\"700\" height=\"1137\" src=\"https:\/\/i0.wp.com\/lagun.eu\/wp-content\/uploads\/2020\/07\/2232222-2-scaled.jpg?fit=700%2C1137\" class=\"attachment-large size-large wp-image-1610\" alt=\"\" srcset=\"https:\/\/i0.wp.com\/lagun.eu\/wp-content\/uploads\/2020\/07\/2232222-2-scaled.jpg?w=1576 1576w, https:\/\/i0.wp.com\/lagun.eu\/wp-content\/uploads\/2020\/07\/2232222-2-scaled.jpg?resize=185%2C300 185w, https:\/\/i0.wp.com\/lagun.eu\/wp-content\/uploads\/2020\/07\/2232222-2-scaled.jpg?resize=1261%2C2048 1261w\" sizes=\"(max-width: 700px) 100vw, 700px\" \/>\t\t\t\t\t\t\t\t\t\t\t\t\t\t\t<\/div>\n\t\t\t\t<\/div>\n\t\t\t\t\t<\/div>\n\t\t<\/div>\n\t\t\t\t<div class=\"elementor-column elementor-col-33 elementor-inner-column elementor-element elementor-element-d22040d\" data-id=\"d22040d\" data-element_type=\"column\">\n\t\t\t<div class=\"elementor-widget-wrap elementor-element-populated\">\n\t\t\t\t\t\t\t\t<div class=\"elementor-element elementor-element-6289051 elementor-widget elementor-widget-text-editor\" data-id=\"6289051\" data-element_type=\"widget\" data-widget_type=\"text-editor.default\">\n\t\t\t\t<div class=\"elementor-widget-container\">\n\t\t\t\t\t\t\t<p><strong>Lagun First GmbH<\/strong><\/p>\t\t\t\t\t\t<\/div>\n\t\t\t\t<\/div>\n\t\t\t\t<div class=\"elementor-element elementor-element-23bc1da elementor-widget elementor-widget-text-editor\" data-id=\"23bc1da\" data-element_type=\"widget\" data-widget_type=\"text-editor.default\">\n\t\t\t\t<div class=\"elementor-widget-container\">\n\t\t\t\t\t\t\t<p>Noris Stra\u00dfe 27\u00a0<\/p><p>91154 Roth<\/p><p>Amtsgericht N\u00fcrnberg HRB 32202<\/p><p>Gesch\u00e4ftsf\u00fchrer : Edgar Hoffart , Tatjana Demin\u00a0<\/p><p>E-Mail: <a href=\"mailto:info@lagun.eu\">info@lagun.eu<\/a><\/p><p>Tel: <a href=\"tel:+49 9171825533\">+49\u00a0\u00a09171825533<\/a><\/p>\t\t\t\t\t\t<\/div>\n\t\t\t\t<\/div>\n\t\t\t\t\t<\/div>\n\t\t<\/div>\n\t\t\t\t<div class=\"elementor-column elementor-col-33 elementor-inner-column elementor-element elementor-element-72c73af\" data-id=\"72c73af\" data-element_type=\"column\">\n\t\t\t<div class=\"elementor-widget-wrap elementor-element-populated\">\n\t\t\t\t\t\t\t\t<div class=\"elementor-element elementor-element-3861932 elementor-widget elementor-widget-image\" data-id=\"3861932\" data-element_type=\"widget\" data-widget_type=\"image.default\">\n\t\t\t\t<div class=\"elementor-widget-container\">\n\t\t\t\t\t\t\t\t\t\t\t\t\t\t\t<img loading=\"lazy\" decoding=\"async\" width=\"700\" height=\"919\" src=\"https:\/\/i0.wp.com\/lagun.eu\/wp-content\/uploads\/2020\/07\/11111111111111111111111111111111111-scaled.jpg?fit=700%2C919\" class=\"attachment-large size-large wp-image-1605\" alt=\"\" srcset=\"https:\/\/i0.wp.com\/lagun.eu\/wp-content\/uploads\/2020\/07\/11111111111111111111111111111111111-scaled.jpg?w=1949 1949w, https:\/\/i0.wp.com\/lagun.eu\/wp-content\/uploads\/2020\/07\/11111111111111111111111111111111111-scaled.jpg?resize=228%2C300 228w, https:\/\/i0.wp.com\/lagun.eu\/wp-content\/uploads\/2020\/07\/11111111111111111111111111111111111-scaled.jpg?resize=700%2C919 700w, https:\/\/i0.wp.com\/lagun.eu\/wp-content\/uploads\/2020\/07\/11111111111111111111111111111111111-scaled.jpg?resize=768%2C1009 768w, https:\/\/i0.wp.com\/lagun.eu\/wp-content\/uploads\/2020\/07\/11111111111111111111111111111111111-scaled.jpg?resize=1170%2C1536 1170w, https:\/\/i0.wp.com\/lagun.eu\/wp-content\/uploads\/2020\/07\/11111111111111111111111111111111111-scaled.jpg?resize=1560%2C2048 1560w, https:\/\/i0.wp.com\/lagun.eu\/wp-content\/uploads\/2020\/07\/11111111111111111111111111111111111-scaled.jpg?resize=1140%2C1497 1140w\" sizes=\"(max-width: 700px) 100vw, 700px\" \/>\t\t\t\t\t\t\t\t\t\t\t\t\t\t\t<\/div>\n\t\t\t\t<\/div>\n\t\t\t\t\t<\/div>\n\t\t<\/div>\n\t\t\t\t\t\t\t<\/div>\n\t\t<\/section>\n\t\t\t\t\t<\/div>\n\t\t<\/div>\n\t\t\t\t\t\t\t<\/div>\n\t\t<\/section>\n\t\t\t\t<section class=\"elementor-section elementor-top-section elementor-element elementor-element-fdcedbf elementor-hidden-phone elementor-hidden-tablet elementor-section-boxed elementor-section-height-default elementor-section-height-default\" data-id=\"fdcedbf\" data-element_type=\"section\" data-settings=\"{&quot;background_background&quot;:&quot;classic&quot;}\">\n\t\t\t\t\t\t<div class=\"elementor-container elementor-column-gap-default\">\n\t\t\t\t\t<div class=\"elementor-column elementor-col-100 elementor-top-column elementor-element elementor-element-bf4261f\" data-id=\"bf4261f\" data-element_type=\"column\">\n\t\t\t<div class=\"elementor-widget-wrap elementor-element-populated\">\n\t\t\t\t\t\t\t\t<section class=\"elementor-section elementor-inner-section elementor-element elementor-element-c998614 elementor-section-boxed elementor-section-height-default elementor-section-height-default\" data-id=\"c998614\" data-element_type=\"section\">\n\t\t\t\t\t\t<div class=\"elementor-container elementor-column-gap-default\">\n\t\t\t\t\t<div class=\"elementor-column elementor-col-33 elementor-inner-column elementor-element elementor-element-01963cd\" data-id=\"01963cd\" data-element_type=\"column\">\n\t\t\t<div class=\"elementor-widget-wrap\">\n\t\t\t\t\t\t\t\t\t<\/div>\n\t\t<\/div>\n\t\t\t\t<div class=\"elementor-column elementor-col-33 elementor-inner-column elementor-element elementor-element-910e5ff\" data-id=\"910e5ff\" data-element_type=\"column\">\n\t\t\t<div class=\"elementor-widget-wrap elementor-element-populated\">\n\t\t\t\t\t\t\t\t<div class=\"elementor-element elementor-element-005971e elementor-widget elementor-widget-text-editor\" data-id=\"005971e\" data-element_type=\"widget\" data-widget_type=\"text-editor.default\">\n\t\t\t\t<div class=\"elementor-widget-container\">\n\t\t\t\t\t\t\t<p><strong>Lagun First GmbH<\/strong><\/p>\t\t\t\t\t\t<\/div>\n\t\t\t\t<\/div>\n\t\t\t\t<div class=\"elementor-element elementor-element-755a8bb elementor-widget elementor-widget-text-editor\" data-id=\"755a8bb\" data-element_type=\"widget\" data-settings=\"{&quot;_animation&quot;:&quot;none&quot;,&quot;_animation_delay&quot;:100}\" data-widget_type=\"text-editor.default\">\n\t\t\t\t<div class=\"elementor-widget-container\">\n\t\t\t\t\t\t\t<p>Noris Stra\u00dfe 27\u00a0<\/p><p>91154 Roth<\/p><p>Amtsgericht N\u00fcrnberg HRB 32202<\/p><p>Gesch\u00e4ftsf\u00fchrer : Edgar Hoffart , Tatjana Demin\u00a0<\/p><p>E-Mail: <a href=\"mailto:info@lagun.eu\">info@lagun.eu<\/a><\/p><p>Tel: <a href=\"tel:+49 9171825533\">+49 9171825533<\/a><\/p>\t\t\t\t\t\t<\/div>\n\t\t\t\t<\/div>\n\t\t\t\t\t<\/div>\n\t\t<\/div>\n\t\t\t\t<div class=\"elementor-column elementor-col-33 elementor-inner-column elementor-element elementor-element-8a2aad7\" data-id=\"8a2aad7\" data-element_type=\"column\">\n\t\t\t<div class=\"elementor-widget-wrap\">\n\t\t\t\t\t\t\t\t\t<\/div>\n\t\t<\/div>\n\t\t\t\t\t\t\t<\/div>\n\t\t<\/section>\n\t\t\t\t<div class=\"elementor-element elementor-element-f4e6c35 elementor-widget elementor-widget-spacer\" data-id=\"f4e6c35\" data-element_type=\"widget\" data-widget_type=\"spacer.default\">\n\t\t\t\t<div class=\"elementor-widget-container\">\n\t\t\t\t\t<div class=\"elementor-spacer\">\n\t\t\t<div class=\"elementor-spacer-inner\"><\/div>\n\t\t<\/div>\n\t\t\t\t<\/div>\n\t\t\t\t<\/div>\n\t\t\t\t\t<\/div>\n\t\t<\/div>\n\t\t\t\t\t\t\t<\/div>\n\t\t<\/section>\n\t\t\t\t\t\t\t<\/div>\n\t\t","protected":false},"excerpt":{"rendered":"<p>Wir haben derzeit keine\u00a0 Wohnungen verf\u00fcgbar. Sobald wir welche anbieten k\u00f6nnen, Informieren wir Sie auf Lagun.eu. \u00a0Zudem k\u00f6nnen Sie uns auch telefonisch Fragen zu unseren Wohnungen stellen. \u00a0 Wir haben derzeit keine\u00a0 Wohnungen verf\u00fcgbar. Sobald wir welche anbieten k\u00f6nnen, Informieren wir Sie auf Lagun.eu. \u00a0Zudem k\u00f6nnen Sie uns auch telefonisch Fragen zu unseren Wohnungen stellen. \u00a0 Kontaktieren Sie uns Lagun First GmbH Noris Stra\u00dfe 27\u00a0 91154 Roth Amtsgericht N\u00fcrnberg HRB 32202 Gesch\u00e4ftsf\u00fchrer : Edgar Hoffart , Tatjana Demin\u00a0 E-Mail: info@lagun.eu Tel: +49\u00a0\u00a09171825533 Lagun First GmbH Noris Stra\u00dfe 27\u00a0 91154 Roth Amtsgericht N\u00fcrnberg HRB 32202 Gesch\u00e4ftsf\u00fchrer : Edgar Hoffart , Tatjana Demin\u00a0 E-Mail: info@lagun.eu Tel: +49 9171825533<\/p>\n","protected":false},"author":1,"featured_media":0,"parent":0,"menu_order":0,"comment_status":"closed","ping_status":"closed","template":"elementor_header_footer","meta":{"footnotes":""},"class_list":["post-247","page","type-page","status-publish","hentry"],"jetpack_sharing_enabled":true,"_links":{"self":[{"href":"http:\/\/lagun.eu\/index.php?rest_route=\/wp\/v2\/pages\/247","targetHints":{"allow":["GET"]}}],"collection":[{"href":"http:\/\/lagun.eu\/index.php?rest_route=\/wp\/v2\/pages"}],"about":[{"href":"http:\/\/lagun.eu\/index.php?rest_route=\/wp\/v2\/types\/page"}],"author":[{"embeddable":true,"href":"http:\/\/lagun.eu\/index.php?rest_route=\/wp\/v2\/users\/1"}],"replies":[{"embeddable":true,"href":"http:\/\/lagun.eu\/index.php?rest_route=%2Fwp%2Fv2%2Fcomments&post=247"}],"version-history":[{"count":37,"href":"http:\/\/lagun.eu\/index.php?rest_route=\/wp\/v2\/pages\/247\/revisions"}],"predecessor-version":[{"id":1644,"href":"http:\/\/lagun.eu\/index.php?rest_route=\/wp\/v2\/pages\/247\/revisions\/1644"}],"wp:attachment":[{"href":"http:\/\/lagun.eu\/index.php?rest_route=%2Fwp%2Fv2%2Fmedia&parent=247"}],"curies":[{"name":"wp","href":"https:\/\/api.w.org\/{rel}","templated":true}]}}